{"id":172,"date":"2025-06-15T19:36:03","date_gmt":"2025-06-15T19:36:03","guid":{"rendered":"https:\/\/dominionstrategies.ca\/?page_id=172"},"modified":"2025-06-16T15:28:48","modified_gmt":"2025-06-16T15:28:48","slug":"partners","status":"publish","type":"page","link":"https:\/\/dominionstrategies.ca\/fr\/partners\/","title":{"rendered":"Partenaires"},"content":{"rendered":"<div data-elementor-type=\"wp-page\" data-elementor-id=\"172\" class=\"elementor elementor-172\" data-elementor-post-type=\"page\">\n\t\t\t\t\t\t<section class=\"elementor-section elementor-top-section elementor-element elementor-element-71b3663 elementor-section-height-min-height elementor-section-content-top elementor-section-boxed elementor-section-height-default elementor-section-items-middle\" data-id=\"71b3663\" data-element_type=\"section\" data-e-type=\"section\" data-settings=\"{&quot;background_background&quot;:&quot;video&quot;,&quot;background_video_link&quot;:&quot;https:\\\/\\\/dominionstrategies.ca\\\/wp-content\\\/uploads\\\/2025\\\/03\\\/Dominion-Strategies-Brand-Guidelines-Presentation-5.mp4&quot;,&quot;background_play_on_mobile&quot;:&quot;yes&quot;}\">\n\t\t\t\t\t\t\t\t<div class=\"elementor-background-video-container\">\n\t\t\t\t\t\t\t\t\t\t\t\t\t<video class=\"elementor-background-video-hosted\" role=\"presentation\" autoplay muted playsinline loop><\/video>\n\t\t\t\t\t\t\t\t\t\t\t<\/div>\n\t\t\t\t\t\t\t\t\t<div class=\"elementor-background-overlay\"><\/div>\n\t\t\t\t\t\t\t<div class=\"elementor-container elementor-column-gap-no\">\n\t\t\t\t\t<div class=\"elementor-column elementor-col-100 elementor-top-column elementor-element elementor-element-0cb7df7\" data-id=\"0cb7df7\" data-element_type=\"column\" data-e-type=\"column\" data-settings=\"{&quot;background_background&quot;:&quot;classic&quot;}\">\n\t\t\t<div class=\"elementor-widget-wrap elementor-element-populated\">\n\t\t\t\t\t\t<div class=\"elementor-element elementor-element-42693c7 elementor-invisible elementor-widget elementor-widget-heading\" data-id=\"42693c7\" data-element_type=\"widget\" data-e-type=\"widget\" data-settings=\"{&quot;_animation&quot;:&quot;fadeInDown&quot;}\" data-widget_type=\"heading.default\">\n\t\t\t\t<div class=\"elementor-widget-container\">\n\t\t\t\t\t<h1 class=\"elementor-heading-title elementor-size-default\">Partenaires<\/h1>\t\t\t\t<\/div>\n\t\t\t\t<\/div>\n\t\t\t\t\t<\/div>\n\t\t<\/div>\n\t\t\t\t\t<\/div>\n\t\t<\/section>\n\t\t\t\t<section class=\"elementor-section elementor-top-section elementor-element elementor-element-3363416d elementor-section-boxed elementor-section-height-default elementor-section-height-default\" data-id=\"3363416d\" data-element_type=\"section\" data-e-type=\"section\">\n\t\t\t\t\t\t<div class=\"elementor-container elementor-column-gap-default\">\n\t\t\t\t\t<div class=\"elementor-column elementor-col-100 elementor-top-column elementor-element elementor-element-674bad2\" data-id=\"674bad2\" data-element_type=\"column\" data-e-type=\"column\">\n\t\t\t<div class=\"elementor-widget-wrap\">\n\t\t\t\t\t\t\t<\/div>\n\t\t<\/div>\n\t\t\t\t\t<\/div>\n\t\t<\/section>\n\t\t\t\t<section class=\"elementor-section elementor-top-section elementor-element elementor-element-9f036dc elementor-section-boxed elementor-section-height-default elementor-section-height-default\" data-id=\"9f036dc\" data-element_type=\"section\" data-e-type=\"section\">\n\t\t\t\t\t\t<div class=\"elementor-container elementor-column-gap-default\">\n\t\t\t\t\t<div class=\"elementor-column elementor-col-50 elementor-top-column elementor-element elementor-element-179dea7\" data-id=\"179dea7\" data-element_type=\"column\" data-e-type=\"column\" data-settings=\"{&quot;background_background&quot;:&quot;classic&quot;}\">\n\t\t\t<div class=\"elementor-widget-wrap elementor-element-populated\">\n\t\t\t\t\t<div class=\"elementor-background-overlay\"><\/div>\n\t\t\t\t\t\t<div class=\"elementor-element elementor-element-73d2d9f elementor-widget elementor-widget-spacer\" data-id=\"73d2d9f\" data-element_type=\"widget\" data-e-type=\"widget\" data-widget_type=\"spacer.default\">\n\t\t\t\t<div class=\"elementor-widget-container\">\n\t\t\t\t\t\t\t<div class=\"elementor-spacer\">\n\t\t\t<div class=\"elementor-spacer-inner\"><\/div>\n\t\t<\/div>\n\t\t\t\t\t\t<\/div>\n\t\t\t\t<\/div>\n\t\t\t\t\t<\/div>\n\t\t<\/div>\n\t\t\t\t<div class=\"elementor-column elementor-col-50 elementor-top-column elementor-element elementor-element-94f551e\" data-id=\"94f551e\" data-element_type=\"column\" data-e-type=\"column\">\n\t\t\t<div class=\"elementor-widget-wrap elementor-element-populated\">\n\t\t\t\t\t\t<div class=\"elementor-element elementor-element-26a2338 elementor-widget elementor-widget-text-editor\" data-id=\"26a2338\" data-element_type=\"widget\" data-e-type=\"widget\" data-widget_type=\"text-editor.default\">\n\t\t\t\t<div class=\"elementor-widget-container\">\n\t\t\t\t\t\t\t\t\t<h3 style=\"font-family: Lato, sans-serif; font-weight: bold; line-height: 22px; color: #2a356b; font-size: 22px; outline-style: initial; outline-width: 0px;\" data-elementor-setting-key=\"title_text\" data-elementor-inline-editing-toolbar=\"none\" data-pen-placeholder=\"Type Here...\">Sutherland Corporation<\/h3><p style=\"color: #545454; font-size: 16px; font-weight: 400;\" class=\"translation-block\">Des professionnels exp\u00e9riment\u00e9s du gouvernement, des affaires publiques et des communications au service de clients dans tout le Canada. En mettant l'accent sur les affaires publiques municipales et provinciales, Sutherland Corporation (Sutherland) adopte une approche personnalis\u00e9e pour cr\u00e9er des solutions qui r\u00e9pondent aux besoins uniques de chaque client, ouvrant ainsi la voie \u00e0 une gestion de projet et \u00e0 une communication efficaces avec les d\u00e9cideurs gouvernementaux, les auditoires internes et les principaux intervenants.<\/p><p style=\"color: #545454; font-size: 16px; font-weight: 400;\">\u00a0En r\u00e9solvant les probl\u00e8mes li\u00e9s aux affaires publiques, Sutherland permet \u00e0 ses clients de se concentrer sur l'optimisation des opportunit\u00e9s.<\/p>\t\t\t\t\t\t\t\t<\/div>\n\t\t\t\t<\/div>\n\t\t\t\t<div class=\"elementor-element elementor-element-1cc0755 elementor-widget elementor-widget-button\" data-id=\"1cc0755\" data-element_type=\"widget\" data-e-type=\"widget\" data-widget_type=\"button.default\">\n\t\t\t\t<div class=\"elementor-widget-container\">\n\t\t\t\t\t\t\t\t\t<div class=\"elementor-button-wrapper\">\n\t\t\t\t\t<a class=\"elementor-button elementor-button-link elementor-size-sm\" href=\"https:\/\/sutherlandcorp.ca\/\">\n\t\t\t\t\t\t<span class=\"elementor-button-content-wrapper\">\n\t\t\t\t\t\t\t\t\t<span class=\"elementor-button-text\">Visiter le site<\/span>\n\t\t\t\t\t<\/span>\n\t\t\t\t\t<\/a>\n\t\t\t\t<\/div>\n\t\t\t\t\t\t\t\t<\/div>\n\t\t\t\t<\/div>\n\t\t\t\t\t<\/div>\n\t\t<\/div>\n\t\t\t\t\t<\/div>\n\t\t<\/section>\n\t\t\t\t<section class=\"elementor-section elementor-top-section elementor-element elementor-element-460353d elementor-section-boxed elementor-section-height-default elementor-section-height-default\" data-id=\"460353d\" data-element_type=\"section\" data-e-type=\"section\">\n\t\t\t\t\t\t<div class=\"elementor-container elementor-column-gap-default\">\n\t\t\t\t\t<div class=\"elementor-column elementor-col-50 elementor-top-column elementor-element elementor-element-fca84aa\" data-id=\"fca84aa\" data-element_type=\"column\" data-e-type=\"column\" data-settings=\"{&quot;background_background&quot;:&quot;classic&quot;}\">\n\t\t\t<div class=\"elementor-widget-wrap elementor-element-populated\">\n\t\t\t\t\t<div class=\"elementor-background-overlay\"><\/div>\n\t\t\t\t\t\t<div class=\"elementor-element elementor-element-b695961 elementor-widget elementor-widget-spacer\" data-id=\"b695961\" data-element_type=\"widget\" data-e-type=\"widget\" data-widget_type=\"spacer.default\">\n\t\t\t\t<div class=\"elementor-widget-container\">\n\t\t\t\t\t\t\t<div class=\"elementor-spacer\">\n\t\t\t<div class=\"elementor-spacer-inner\"><\/div>\n\t\t<\/div>\n\t\t\t\t\t\t<\/div>\n\t\t\t\t<\/div>\n\t\t\t\t\t<\/div>\n\t\t<\/div>\n\t\t\t\t<div class=\"elementor-column elementor-col-50 elementor-top-column elementor-element elementor-element-a3bd5fd\" data-id=\"a3bd5fd\" data-element_type=\"column\" data-e-type=\"column\">\n\t\t\t<div class=\"elementor-widget-wrap elementor-element-populated\">\n\t\t\t\t\t\t<div class=\"elementor-element elementor-element-83fd812 elementor-widget elementor-widget-text-editor\" data-id=\"83fd812\" data-element_type=\"widget\" data-e-type=\"widget\" data-widget_type=\"text-editor.default\">\n\t\t\t\t<div class=\"elementor-widget-container\">\n\t\t\t\t\t\t\t\t\t<h3 style=\"font-family: Lato, sans-serif; font-weight: var( --e-global-typography-ab2e293-font-weight ); line-height: var( --e-global-typography-ab2e293-line-height ); font-size: var( --e-global-typography-ab2e293-font-size ); outline-style: initial; outline-width: 0px;\" data-elementor-setting-key=\"title_text\" data-elementor-inline-editing-toolbar=\"none\" data-pen-placeholder=\"Type Here...\">The Hub @ Sutherland<\/h3><p>En tant qu'\u00e9quipe de communication sp\u00e9cialis\u00e9e, The Hub@ Sutherland (The Hub) travaille avec les organisations pour cibler les messages, amplifier la port\u00e9e et engager les publics cl\u00e9s. Dominion travaille directement avec le Hub pour mettre en \u0153uvre des services complets de marketing cr\u00e9atif et de communication strat\u00e9gique afin de soutenir les campagnes d'affaires publiques. Que vous souhaitiez lancer une grande campagne, am\u00e9liorer votre marque ou promouvoir votre organisation aupr\u00e8s de parties prenantes cibl\u00e9es,<\/p><p>Le Hub est votre partenaire pour la strat\u00e9gie, la planification et l'ex\u00e9cution. Ne vous \u00e9parpillez pas, allez au Hub.<\/p>\t\t\t\t\t\t\t\t<\/div>\n\t\t\t\t<\/div>\n\t\t\t\t<div class=\"elementor-element elementor-element-8e7c255 elementor-widget elementor-widget-button\" data-id=\"8e7c255\" data-element_type=\"widget\" data-e-type=\"widget\" data-widget_type=\"button.default\">\n\t\t\t\t<div class=\"elementor-widget-container\">\n\t\t\t\t\t\t\t\t\t<div class=\"elementor-button-wrapper\">\n\t\t\t\t\t<a class=\"elementor-button elementor-button-link elementor-size-sm\" href=\"https:\/\/sutherlandcorp.ca\/hub\/\">\n\t\t\t\t\t\t<span class=\"elementor-button-content-wrapper\">\n\t\t\t\t\t\t\t\t\t<span class=\"elementor-button-text\">Visiter le site<\/span>\n\t\t\t\t\t<\/span>\n\t\t\t\t\t<\/a>\n\t\t\t\t<\/div>\n\t\t\t\t\t\t\t\t<\/div>\n\t\t\t\t<\/div>\n\t\t\t\t\t<\/div>\n\t\t<\/div>\n\t\t\t\t\t<\/div>\n\t\t<\/section>\n\t\t\t\t<section class=\"elementor-section elementor-top-section elementor-element elementor-element-d234430 elementor-section-boxed elementor-section-height-default elementor-section-height-default\" data-id=\"d234430\" data-element_type=\"section\" data-e-type=\"section\">\n\t\t\t\t\t\t<div class=\"elementor-container elementor-column-gap-default\">\n\t\t\t\t\t<div class=\"elementor-column elementor-col-50 elementor-top-column elementor-element elementor-element-4b3077b\" data-id=\"4b3077b\" data-element_type=\"column\" data-e-type=\"column\" data-settings=\"{&quot;background_background&quot;:&quot;classic&quot;}\">\n\t\t\t<div class=\"elementor-widget-wrap elementor-element-populated\">\n\t\t\t\t\t<div class=\"elementor-background-overlay\"><\/div>\n\t\t\t\t\t\t<div class=\"elementor-element elementor-element-33e9255 elementor-widget elementor-widget-spacer\" data-id=\"33e9255\" data-element_type=\"widget\" data-e-type=\"widget\" data-widget_type=\"spacer.default\">\n\t\t\t\t<div class=\"elementor-widget-container\">\n\t\t\t\t\t\t\t<div class=\"elementor-spacer\">\n\t\t\t<div class=\"elementor-spacer-inner\"><\/div>\n\t\t<\/div>\n\t\t\t\t\t\t<\/div>\n\t\t\t\t<\/div>\n\t\t\t\t\t<\/div>\n\t\t<\/div>\n\t\t\t\t<div class=\"elementor-column elementor-col-50 elementor-top-column elementor-element elementor-element-7fed080\" data-id=\"7fed080\" data-element_type=\"column\" data-e-type=\"column\">\n\t\t\t<div class=\"elementor-widget-wrap elementor-element-populated\">\n\t\t\t\t\t\t<div class=\"elementor-element elementor-element-5b63802 elementor-widget elementor-widget-text-editor\" data-id=\"5b63802\" data-element_type=\"widget\" data-e-type=\"widget\" data-widget_type=\"text-editor.default\">\n\t\t\t\t<div class=\"elementor-widget-container\">\n\t\t\t\t\t\t\t\t\t<h3 style=\"font-family: Lato, sans-serif; font-weight: var( --e-global-typography-ab2e293-font-weight ); line-height: var( --e-global-typography-ab2e293-line-height ); font-size: var( --e-global-typography-ab2e293-font-size ); outline-style: initial; outline-width: 0px;\" data-elementor-setting-key=\"title_text\" data-elementor-inline-editing-toolbar=\"none\" data-pen-placeholder=\"Type Here...\">Mobilize Media Group<\/h3><p>Mobilize Media Group est une organisation de strat\u00e9gie num\u00e9rique et de campagne con\u00e7ue pour influencer l'opinion publique et rallier le changement, atteignant des millions de Canadiens chaque semaine. <br \/><br \/>Le groupe Mobilize Media soutient Dominion Strategies dans l'\u00e9laboration de campagnes efficaces pour ses clients et fournit une vision unique sur la mani\u00e8re de cr\u00e9er un contenu viral.<\/p>\t\t\t\t\t\t\t\t<\/div>\n\t\t\t\t<\/div>\n\t\t\t\t<div class=\"elementor-element elementor-element-cdc69bd elementor-widget elementor-widget-button\" data-id=\"cdc69bd\" data-element_type=\"widget\" data-e-type=\"widget\" data-widget_type=\"button.default\">\n\t\t\t\t<div class=\"elementor-widget-container\">\n\t\t\t\t\t\t\t\t\t<div class=\"elementor-button-wrapper\">\n\t\t\t\t\t<a class=\"elementor-button elementor-button-link elementor-size-sm\" href=\"https:\/\/mobilize.media\/\">\n\t\t\t\t\t\t<span class=\"elementor-button-content-wrapper\">\n\t\t\t\t\t\t\t\t\t<span class=\"elementor-button-text\">Visiter le site<\/span>\n\t\t\t\t\t<\/span>\n\t\t\t\t\t<\/a>\n\t\t\t\t<\/div>\n\t\t\t\t\t\t\t\t<\/div>\n\t\t\t\t<\/div>\n\t\t\t\t\t<\/div>\n\t\t<\/div>\n\t\t\t\t\t<\/div>\n\t\t<\/section>\n\t\t<div class=\"elementor-element elementor-element-3433c86 e-flex e-con-boxed e-con e-parent\" data-id=\"3433c86\" data-element_type=\"container\" data-e-type=\"container\">\n\t\t\t\t\t<div class=\"e-con-inner\">\n\t\t\t\t<div class=\"elementor-element elementor-element-c0a27fa elementor-widget elementor-widget-spacer\" data-id=\"c0a27fa\" data-element_type=\"widget\" data-e-type=\"widget\" data-widget_type=\"spacer.default\">\n\t\t\t\t<div class=\"elementor-widget-container\">\n\t\t\t\t\t\t\t<div class=\"elementor-spacer\">\n\t\t\t<div class=\"elementor-spacer-inner\"><\/div>\n\t\t<\/div>\n\t\t\t\t\t\t<\/div>\n\t\t\t\t<\/div>\n\t\t\t\t\t<\/div>\n\t\t\t\t<\/div>\n\t\t\t\t<\/div>","protected":false},"excerpt":{"rendered":"<p>Partners Sutherland Corporation Experienced government, public affairs and communications professionals serving clients Canada-wide. With a focus on municipal and provincial public affairs, Sutherland Corporation (Sutherland) takes a tailored approach to creating solutions that meet each client\u2019s uniqueneeds, paving the way for effective project management and communication with government decision makers, internal audiences and key stakeholders. [&hellip;]<\/p>\n","protected":false},"author":8,"featured_media":0,"parent":0,"menu_order":0,"comment_status":"closed","ping_status":"closed","template":"","meta":{"footnotes":""},"class_list":["post-172","page","type-page","status-publish","hentry"],"yoast_head":"<!-- This site is optimized with the Yoast SEO plugin v27.4 - https:\/\/yoast.com\/product\/yoast-seo-wordpress\/ -->\n<title>Partners - Dominion Strategies<\/title>\n<meta name=\"robots\" content=\"index, follow, max-snippet:-1, max-image-preview:large, max-video-preview:-1\" \/>\n<link rel=\"canonical\" href=\"https:\/\/dominionstrategies.ca\/fr\/partners\/\" \/>\n<meta property=\"og:locale\" content=\"fr_CA\" \/>\n<meta property=\"og:type\" content=\"article\" \/>\n<meta property=\"og:title\" content=\"Partners - Dominion Strategies\" \/>\n<meta property=\"og:description\" content=\"Partners Sutherland Corporation Experienced government, public affairs and communications professionals serving clients Canada-wide. With a focus on municipal and provincial public affairs, Sutherland Corporation (Sutherland) takes a tailored approach to creating solutions that meet each client\u2019s uniqueneeds, paving the way for effective project management and communication with government decision makers, internal audiences and key stakeholders. [&hellip;]\" \/>\n<meta property=\"og:url\" content=\"https:\/\/dominionstrategies.ca\/fr\/partners\/\" \/>\n<meta property=\"og:site_name\" content=\"Dominion Strategies\" \/>\n<meta property=\"article:modified_time\" content=\"2025-06-16T15:28:48+00:00\" \/>\n<meta name=\"twitter:card\" content=\"summary_large_image\" \/>\n<meta name=\"twitter:label1\" content=\"Estimation du temps de lecture\" \/>\n\t<meta name=\"twitter:data1\" content=\"1 minute\" \/>\n<script type=\"application\/ld+json\" class=\"yoast-schema-graph\">{\"@context\":\"https:\\\/\\\/schema.org\",\"@graph\":[{\"@type\":\"WebPage\",\"@id\":\"https:\\\/\\\/dominionstrategies.ca\\\/partners\\\/\",\"url\":\"https:\\\/\\\/dominionstrategies.ca\\\/partners\\\/\",\"name\":\"Partners - Dominion Strategies\",\"isPartOf\":{\"@id\":\"https:\\\/\\\/dominionstrategies.ca\\\/#website\"},\"datePublished\":\"2025-06-15T19:36:03+00:00\",\"dateModified\":\"2025-06-16T15:28:48+00:00\",\"breadcrumb\":{\"@id\":\"https:\\\/\\\/dominionstrategies.ca\\\/partners\\\/#breadcrumb\"},\"inLanguage\":\"fr-CA\",\"potentialAction\":[{\"@type\":\"ReadAction\",\"target\":[\"https:\\\/\\\/dominionstrategies.ca\\\/partners\\\/\"]}]},{\"@type\":\"BreadcrumbList\",\"@id\":\"https:\\\/\\\/dominionstrategies.ca\\\/partners\\\/#breadcrumb\",\"itemListElement\":[{\"@type\":\"ListItem\",\"position\":1,\"name\":\"Home\",\"item\":\"https:\\\/\\\/dominionstrategies.ca\\\/\"},{\"@type\":\"ListItem\",\"position\":2,\"name\":\"Partners\"}]},{\"@type\":\"WebSite\",\"@id\":\"https:\\\/\\\/dominionstrategies.ca\\\/#website\",\"url\":\"https:\\\/\\\/dominionstrategies.ca\\\/\",\"name\":\"Dominion Strategies\",\"description\":\"Redefining government relations in Canada.\",\"publisher\":{\"@id\":\"https:\\\/\\\/dominionstrategies.ca\\\/#organization\"},\"potentialAction\":[{\"@type\":\"SearchAction\",\"target\":{\"@type\":\"EntryPoint\",\"urlTemplate\":\"https:\\\/\\\/dominionstrategies.ca\\\/?s={search_term_string}\"},\"query-input\":{\"@type\":\"PropertyValueSpecification\",\"valueRequired\":true,\"valueName\":\"search_term_string\"}}],\"inLanguage\":\"fr-CA\"},{\"@type\":\"Organization\",\"@id\":\"https:\\\/\\\/dominionstrategies.ca\\\/#organization\",\"name\":\"Dominion Strategies\",\"url\":\"https:\\\/\\\/dominionstrategies.ca\\\/\",\"logo\":{\"@type\":\"ImageObject\",\"inLanguage\":\"fr-CA\",\"@id\":\"https:\\\/\\\/dominionstrategies.ca\\\/#\\\/schema\\\/logo\\\/image\\\/\",\"url\":\"https:\\\/\\\/dominionstrategies.ca\\\/wp-content\\\/uploads\\\/2025\\\/03\\\/SQUARE.png\",\"contentUrl\":\"https:\\\/\\\/dominionstrategies.ca\\\/wp-content\\\/uploads\\\/2025\\\/03\\\/SQUARE.png\",\"width\":713,\"height\":653,\"caption\":\"Dominion Strategies\"},\"image\":{\"@id\":\"https:\\\/\\\/dominionstrategies.ca\\\/#\\\/schema\\\/logo\\\/image\\\/\"}}]}<\/script>\n<!-- \/ Yoast SEO plugin. -->","yoast_head_json":{"title":"Partners - Dominion Strategies","robots":{"index":"index","follow":"follow","max-snippet":"max-snippet:-1","max-image-preview":"max-image-preview:large","max-video-preview":"max-video-preview:-1"},"canonical":"https:\/\/dominionstrategies.ca\/fr\/partners\/","og_locale":"fr_CA","og_type":"article","og_title":"Partners - Dominion Strategies","og_description":"Partners Sutherland Corporation Experienced government, public affairs and communications professionals serving clients Canada-wide. With a focus on municipal and provincial public affairs, Sutherland Corporation (Sutherland) takes a tailored approach to creating solutions that meet each client\u2019s uniqueneeds, paving the way for effective project management and communication with government decision makers, internal audiences and key stakeholders. [&hellip;]","og_url":"https:\/\/dominionstrategies.ca\/fr\/partners\/","og_site_name":"Dominion Strategies","article_modified_time":"2025-06-16T15:28:48+00:00","twitter_card":"summary_large_image","twitter_misc":{"Estimation du temps de lecture":"1 minute"},"schema":{"@context":"https:\/\/schema.org","@graph":[{"@type":"WebPage","@id":"https:\/\/dominionstrategies.ca\/partners\/","url":"https:\/\/dominionstrategies.ca\/partners\/","name":"Partners - Dominion Strategies","isPartOf":{"@id":"https:\/\/dominionstrategies.ca\/#website"},"datePublished":"2025-06-15T19:36:03+00:00","dateModified":"2025-06-16T15:28:48+00:00","breadcrumb":{"@id":"https:\/\/dominionstrategies.ca\/partners\/#breadcrumb"},"inLanguage":"fr-CA","potentialAction":[{"@type":"ReadAction","target":["https:\/\/dominionstrategies.ca\/partners\/"]}]},{"@type":"BreadcrumbList","@id":"https:\/\/dominionstrategies.ca\/partners\/#breadcrumb","itemListElement":[{"@type":"ListItem","position":1,"name":"Home","item":"https:\/\/dominionstrategies.ca\/"},{"@type":"ListItem","position":2,"name":"Partners"}]},{"@type":"WebSite","@id":"https:\/\/dominionstrategies.ca\/#website","url":"https:\/\/dominionstrategies.ca\/","name":"Dominion Strategies","description":"Redefining government relations in Canada.","publisher":{"@id":"https:\/\/dominionstrategies.ca\/#organization"},"potentialAction":[{"@type":"SearchAction","target":{"@type":"EntryPoint","urlTemplate":"https:\/\/dominionstrategies.ca\/?s={search_term_string}"},"query-input":{"@type":"PropertyValueSpecification","valueRequired":true,"valueName":"search_term_string"}}],"inLanguage":"fr-CA"},{"@type":"Organization","@id":"https:\/\/dominionstrategies.ca\/#organization","name":"Dominion Strategies","url":"https:\/\/dominionstrategies.ca\/","logo":{"@type":"ImageObject","inLanguage":"fr-CA","@id":"https:\/\/dominionstrategies.ca\/#\/schema\/logo\/image\/","url":"https:\/\/dominionstrategies.ca\/wp-content\/uploads\/2025\/03\/SQUARE.png","contentUrl":"https:\/\/dominionstrategies.ca\/wp-content\/uploads\/2025\/03\/SQUARE.png","width":713,"height":653,"caption":"Dominion Strategies"},"image":{"@id":"https:\/\/dominionstrategies.ca\/#\/schema\/logo\/image\/"}}]}},"_links":{"self":[{"href":"https:\/\/dominionstrategies.ca\/fr\/wp-json\/wp\/v2\/pages\/172","targetHints":{"allow":["GET"]}}],"collection":[{"href":"https:\/\/dominionstrategies.ca\/fr\/wp-json\/wp\/v2\/pages"}],"about":[{"href":"https:\/\/dominionstrategies.ca\/fr\/wp-json\/wp\/v2\/types\/page"}],"author":[{"embeddable":true,"href":"https:\/\/dominionstrategies.ca\/fr\/wp-json\/wp\/v2\/users\/8"}],"replies":[{"embeddable":true,"href":"https:\/\/dominionstrategies.ca\/fr\/wp-json\/wp\/v2\/comments?post=172"}],"version-history":[{"count":5,"href":"https:\/\/dominionstrategies.ca\/fr\/wp-json\/wp\/v2\/pages\/172\/revisions"}],"predecessor-version":[{"id":1464,"href":"https:\/\/dominionstrategies.ca\/fr\/wp-json\/wp\/v2\/pages\/172\/revisions\/1464"}],"wp:attachment":[{"href":"https:\/\/dominionstrategies.ca\/fr\/wp-json\/wp\/v2\/media?parent=172"}],"curies":[{"name":"wp","href":"https:\/\/api.w.org\/{rel}","templated":true}]}}